{"id":242230,"date":"2023-04-04T09:40:06","date_gmt":"2023-04-04T09:40:06","guid":{"rendered":"https:\/\/centrico.it\/?page_id=242230"},"modified":"2023-04-04T09:42:04","modified_gmt":"2023-04-04T09:42:04","slug":"integrazione-zapier","status":"publish","type":"page","link":"https:\/\/centrico.it\/it\/integrazione-zapier\/","title":{"rendered":"Integrazione Zapier"},"content":{"rendered":"<p>[et_pb_section fb_built=&#8221;1&#8243; admin_label=&#8221;Header&#8221; _builder_version=&#8221;4.16&#8243; background_color=&#8221;#009FE3&#8243; background_color_gradient_direction=&#8221;135deg&#8221; background_color_gradient_start=&#8221;#fe5b48&#8243; background_color_gradient_end=&#8221;#b80572&#8243; background_image=&#8221;https:\/\/centrico.it\/wp-content\/uploads\/2022\/02\/geometric-bg-overlay-01.jpg&#8221; background_blend=&#8221;overlay&#8221; custom_padding=&#8221;5%|0px|5%|0px|true|false&#8221; animation_direction=&#8221;bottom&#8221; global_colors_info=&#8221;{}&#8221;][et_pb_row _builder_version=&#8221;4.20.2&#8243; animation_direction=&#8221;bottom&#8221; hover_enabled=&#8221;0&#8243; global_colors_info=&#8221;{}&#8221; sticky_enabled=&#8221;0&#8243;][et_pb_column type=&#8221;4_4&#8243; _builder_version=&#8221;4.16&#8243; custom_padding=&#8221;|||&#8221; global_colors_info=&#8221;{}&#8221; custom_padding__hover=&#8221;|||&#8221;][et_pb_text _builder_version=&#8221;4.20.2&#8243; text_text_color=&#8221;#ffffff&#8221; text_font_size=&#8221;18px&#8221; text_line_height=&#8221;1.8em&#8221; header_font=&#8221;|700|||||||&#8221; header_font_size=&#8221;45px&#8221; header_line_height=&#8221;1.3em&#8221; header_2_font=&#8221;||||||||&#8221; header_3_font=&#8221;|700|||||||&#8221; header_3_font_size=&#8221;24px&#8221; header_3_line_height=&#8221;1.3em&#8221; text_orientation=&#8221;center&#8221; background_layout=&#8221;dark&#8221; max_width=&#8221;700px&#8221; module_alignment=&#8221;center&#8221; hover_enabled=&#8221;0&#8243; global_colors_info=&#8221;{}&#8221; sticky_enabled=&#8221;0&#8243;]<\/p>\n<h1>Integrazione tra Centrico e Zapier<\/h1>\n<p><span>L&#8217;automatizzazione dei flussi di lavoro e la gestione efficiente dei clienti sono due elementi chiave per la crescita delle aziende moderne. Ecco perch\u00e9 abbiamo sviluppato lo zap che permette di integrare Centrico con centinaia di altre applicazioni.<\/span><\/p>\n<p>[\/et_pb_text][\/et_pb_column][\/et_pb_row][\/et_pb_section][et_pb_section fb_built=&#8221;1&#8243; admin_label=&#8221;Perks &#038; Benefits&#8221; _builder_version=&#8221;4.16&#8243; background_enable_color=&#8221;off&#8221; custom_padding=&#8221;100px|0px|100px|0px|true|&#8221; global_colors_info=&#8221;{}&#8221;][et_pb_row admin_label=&#8221;Tittle&#8221; _builder_version=&#8221;4.16&#8243; locked=&#8221;off&#8221; global_colors_info=&#8221;{}&#8221;][et_pb_column type=&#8221;4_4&#8243; _builder_version=&#8221;4.16&#8243; custom_padding=&#8221;|||&#8221; global_colors_info=&#8221;{}&#8221; custom_padding__hover=&#8221;|||&#8221;][et_pb_text _builder_version=&#8221;4.20.2&#8243; text_font=&#8221;Nunito Sans||||||||&#8221; text_text_color=&#8221;#959baf&#8221; text_font_size=&#8221;18px&#8221; text_line_height=&#8221;1.8em&#8221; header_font=&#8221;||||||||&#8221; header_text_align=&#8221;center&#8221; header_text_color=&#8221;#535b7c&#8221; header_2_font=&#8221;Nunito Sans|700|||||||&#8221; header_2_text_color=&#8221;#535b7c&#8221; header_2_font_size=&#8221;35px&#8221; header_2_line_height=&#8221;1.3em&#8221; text_orientation=&#8221;center&#8221; module_alignment=&#8221;center&#8221; global_colors_info=&#8221;{}&#8221;]<\/p>\n<h2>Vantaggi dell&#8217;integrazione tra Centrico e Zapier<\/h2>\n<p><span>La gestione efficace delle attivit\u00e0 quotidiane dipende spesso dalla capacit\u00e0 di integrare diversi software e applicazioni. Grazie all&#8217;integrazione di <a href=\"https:\/\/zapier.com\">Zapier<\/a>, ora \u00e8 possibile connettere il CRM Centrico a oltre 1.000 applicazioni, automatizzando i processi di scambio di dati e informazioni.<\/span><\/p>\n<p><span>Questa integrazione aiuta a ottimizzare il lavoro, risparmiando tempo prezioso che pu\u00f2 essere dedicato a compiti di maggiore importanza.\u00a0<\/span><span>L&#8217;integrazione tra Centrico e le principali app e CRM utilizzati abitualmente rende possibile far dialogare tra loro queste piattaforme, semplificando notevolmente il processo di gestione e migliorando l&#8217;efficienza complessiva delle attivit\u00e0 aziendali.<\/span><\/p>\n<p>Potrebbe interessarti anche: <a href=\"https:\/\/centrico.it\/it\/integrazione-e-api\/\">Integrazioni ed API<\/a>.<span><\/span><\/p>\n<p><span><\/span><\/p>\n<p>[\/et_pb_text][\/et_pb_column][\/et_pb_row][et_pb_row column_structure=&#8221;1_2,1_2&#8243; use_custom_gutter=&#8221;on&#8221; gutter_width=&#8221;2&#8243; make_equal=&#8221;on&#8221; admin_label=&#8221;Features Row&#8221; _builder_version=&#8221;4.16&#8243; custom_padding=&#8221;0.75%||0.75%|&#8221; global_colors_info=&#8221;{}&#8221;][et_pb_column type=&#8221;1_2&#8243; _builder_version=&#8221;4.16&#8243; background_color=&#8221;#FFFFFF&#8221; background_color_gradient_direction=&#8221;243deg&#8221; background_color_gradient_start=&#8221;#3D72E7&#8243; background_color_gradient_end=&#8221;#53a0fe&#8221; border_radii=&#8221;on|4px|4px|4px|4px&#8221; border_color_all=&#8221;#FECC00&#8243; border_width_top=&#8221;6px&#8221; box_shadow_style=&#8221;preset3&#8243; box_shadow_color=&#8221;rgba(34,56,101,0.12)&#8221; global_colors_info=&#8221;{}&#8221; custom_padding__hover=&#8221;|||&#8221;][et_pb_blurb title=&#8221;Automatizzazione dei processi&#8221; icon_placement=&#8221;left&#8221; image_icon_width=&#8221;32px&#8221; content_max_width=&#8221;1100px&#8221; _builder_version=&#8221;4.16&#8243; _module_preset=&#8221;default&#8221; header_level=&#8221;h3&#8243; header_font=&#8221;Nunito Sans|600|||||||&#8221; header_line_height=&#8221;1.4em&#8221; body_font=&#8221;Nunito Sans||||||||&#8221; body_text_color=&#8221;#959baf&#8221; body_font_size=&#8221;16px&#8221; background_enable_color=&#8221;off&#8221; custom_padding=&#8221;40px|40px|40px|40px|true|true&#8221; global_colors_info=&#8221;{}&#8221;]<\/p>\n<p><span>L&#8217;integrazione tra Centrico e Zapier consente di automatizzare molte attivit\u00e0 ripetitive, come l&#8217;invio di messaggi di benvenuto, la creazione di profili clienti, l&#8217;aggiornamento delle informazioni del cliente e la gestione dei follow-up.<\/span><\/p>\n<p><span>Questo significa che le aziende possono risparmiare tempo prezioso che altrimenti sarebbe stato speso per queste attivit\u00e0 manuali.<\/span><\/p>\n<p>[\/et_pb_blurb][\/et_pb_column][et_pb_column type=&#8221;1_2&#8243; module_class=&#8221;iq-centra-verticale&#8221; _builder_version=&#8221;4.16&#8243; background_color=&#8221;#FFFFFF&#8221; background_color_gradient_direction=&#8221;243deg&#8221; background_color_gradient_start=&#8221;#3D72E7&#8243; background_color_gradient_end=&#8221;#53a0fe&#8221; border_radii=&#8221;on|4px|4px|4px|4px&#8221; border_color_all=&#8221;#FECC00&#8243; border_width_top=&#8221;6px&#8221; box_shadow_style=&#8221;preset3&#8243; box_shadow_color=&#8221;rgba(34,56,101,0.12)&#8221; global_colors_info=&#8221;{}&#8221; custom_padding__hover=&#8221;|||&#8221;][et_pb_blurb title=&#8221;Maggiore efficienza&#8221; icon_placement=&#8221;left&#8221; image_icon_width=&#8221;32px&#8221; _builder_version=&#8221;4.20.2&#8243; _module_preset=&#8221;default&#8221; header_level=&#8221;h3&#8243; header_font=&#8221;Nunito Sans|600|||||||&#8221; header_line_height=&#8221;1.4em&#8221; body_font=&#8221;Nunito Sans||||||||&#8221; body_text_color=&#8221;#959baf&#8221; body_font_size=&#8221;16px&#8221; background_enable_color=&#8221;off&#8221; custom_padding=&#8221;40px|40px|40px|40px|true|true&#8221; global_colors_info=&#8221;{}&#8221;]<\/p>\n<p><span>Grazie all&#8217;automazione dei processi, le attivit\u00e0 operative vengono gestite in modo automatico e preciso, riducendo gli errori umani e aumentando l&#8217;efficienza complessiva delle attivit\u00e0 aziendali.<\/span><\/p>\n<p>[\/et_pb_blurb][\/et_pb_column][\/et_pb_row][et_pb_row column_structure=&#8221;1_2,1_2&#8243; use_custom_gutter=&#8221;on&#8221; gutter_width=&#8221;2&#8243; make_equal=&#8221;on&#8221; admin_label=&#8221;Features Row&#8221; _builder_version=&#8221;4.16&#8243; custom_padding=&#8221;0.75%||0.75%|&#8221; global_colors_info=&#8221;{}&#8221;][et_pb_column type=&#8221;1_2&#8243; _builder_version=&#8221;4.16&#8243; background_color=&#8221;#FFFFFF&#8221; background_color_gradient_direction=&#8221;243deg&#8221; background_color_gradient_start=&#8221;#3D72E7&#8243; background_color_gradient_end=&#8221;#53a0fe&#8221; border_radii=&#8221;on|4px|4px|4px|4px&#8221; border_color_all=&#8221;#FECC00&#8243; border_width_top=&#8221;6px&#8221; box_shadow_style=&#8221;preset3&#8243; box_shadow_color=&#8221;rgba(34,56,101,0.12)&#8221; global_colors_info=&#8221;{}&#8221; custom_padding__hover=&#8221;|||&#8221;][et_pb_blurb title=&#8221;Dati sempre aggiornati&#8221; icon_placement=&#8221;left&#8221; image_icon_width=&#8221;32px&#8221; content_max_width=&#8221;1100px&#8221; _builder_version=&#8221;4.20.2&#8243; _module_preset=&#8221;default&#8221; header_level=&#8221;h3&#8243; header_font=&#8221;Nunito Sans|600|||||||&#8221; header_line_height=&#8221;1.4em&#8221; body_font=&#8221;Nunito Sans||||||||&#8221; body_text_color=&#8221;#959baf&#8221; body_font_size=&#8221;16px&#8221; background_enable_color=&#8221;off&#8221; custom_padding=&#8221;40px|40px|40px|40px|true|true&#8221; global_colors_info=&#8221;{}&#8221;]<\/p>\n<p><span>L<\/span><span>a sincronizzazione dei dati tra Centrico e Zapier permette di avere sempre informazioni aggiornate sui clienti in tempo reale, facilitando la presa di decisioni rapide e informate. Questo significa che le aziende possono fornire un&#8217;esperienza migliore e pi\u00f9 personalizzata ai loro clienti.<\/span><\/p>\n<p>[\/et_pb_blurb][\/et_pb_column][et_pb_column type=&#8221;1_2&#8243; module_class=&#8221;iq-centra-verticale&#8221; _builder_version=&#8221;4.16&#8243; background_color=&#8221;#FFFFFF&#8221; background_color_gradient_direction=&#8221;243deg&#8221; background_color_gradient_start=&#8221;#3D72E7&#8243; background_color_gradient_end=&#8221;#53a0fe&#8221; border_radii=&#8221;on|4px|4px|4px|4px&#8221; border_color_all=&#8221;#FECC00&#8243; border_width_top=&#8221;6px&#8221; box_shadow_style=&#8221;preset3&#8243; box_shadow_color=&#8221;rgba(34,56,101,0.12)&#8221; global_colors_info=&#8221;{}&#8221; custom_padding__hover=&#8221;|||&#8221;][et_pb_blurb title=&#8221;Connessione con altre applicazioni&#8221; icon_placement=&#8221;left&#8221; image_icon_width=&#8221;32px&#8221; _builder_version=&#8221;4.16&#8243; _module_preset=&#8221;default&#8221; header_level=&#8221;h3&#8243; header_font=&#8221;Nunito Sans|600|||||||&#8221; header_line_height=&#8221;1.4em&#8221; body_font=&#8221;Nunito Sans||||||||&#8221; body_text_color=&#8221;#959baf&#8221; body_font_size=&#8221;16px&#8221; background_enable_color=&#8221;off&#8221; custom_padding=&#8221;40px|40px|40px|40px|true|true&#8221; global_colors_info=&#8221;{}&#8221;]<\/p>\n<p><span>Grazie all&#8217;integrazione con Zapier, Centrico pu\u00f2 essere connesso a oltre 1.000 applicazioni, consentendo alle aziende di integrare Centrico con altre piattaforme utilizzate abitualmente, come email marketing, social media e molti altri servizi. Questo amplia notevolmente le possibilit\u00e0 di gestione dei dati e di automatizzazione delle attivit\u00e0, migliorando la produttivit\u00e0 complessiva delle aziende.<\/span><\/p>\n<p>[\/et_pb_blurb][\/et_pb_column][\/et_pb_row][\/et_pb_section]<\/p>\n","protected":false},"excerpt":{"rendered":"<p>Integrazione tra Centrico e Zapier L&#8217;automatizzazione dei flussi di lavoro e la gestione efficiente dei clienti sono due elementi chiave per la crescita delle aziende moderne. Ecco perch\u00e9 abbiamo sviluppato lo zap che permette di integrare Centrico con centinaia di altre applicazioni.Vantaggi dell&#8217;integrazione tra Centrico e Zapier La gestione efficace delle attivit\u00e0 quotidiane dipende spesso dalla capacit\u00e0 di integrare diversi software e applicazioni. Grazie all&#8217;integrazione di Zapier, ora \u00e8 possibile connettere il CRM Centrico a oltre 1.000 applicazioni, automatizzando i processi di scambio di dati e informazioni. Questa integrazione aiuta a ottimizzare il lavoro, risparmiando tempo prezioso che pu\u00f2 essere dedicato a compiti di maggiore importanza.\u00a0L&#8217;integrazione tra Centrico e le principali app e CRM utilizzati abitualmente rende possibile far dialogare tra loro queste piattaforme, semplificando notevolmente il processo di gestione e migliorando l&#8217;efficienza complessiva delle attivit\u00e0 aziendali. Potrebbe interessarti anche: Integrazioni ed API. L&#8217;integrazione tra Centrico e Zapier consente di automatizzare molte attivit\u00e0 ripetitive, come l&#8217;invio di messaggi di benvenuto, la creazione di profili clienti, l&#8217;aggiornamento delle informazioni del cliente e la gestione dei follow-up. Questo significa che le aziende possono risparmiare tempo prezioso che altrimenti sarebbe stato speso per queste attivit\u00e0 manuali.Grazie all&#8217;automazione dei processi, le attivit\u00e0 operative vengono [&hellip;]<\/p>\n","protected":false},"author":4,"featured_media":0,"parent":0,"menu_order":0,"comment_status":"closed","ping_status":"closed","template":"","meta":{"_et_pb_use_builder":"on","_et_pb_old_content":"","_et_gb_content_width":"","iawp_total_views":4,"footnotes":""},"categories":[],"tags":[],"class_list":["post-242230","page","type-page","status-publish","hentry"],"yoast_head":"<!-- This site is optimized with the Yoast SEO plugin v27.5 - https:\/\/yoast.com\/product\/yoast-seo-wordpress\/ -->\n<title>Integrazione Zapier - Centrico<\/title>\n<meta name=\"description\" content=\"Grazie all\u2019integrazione di Zapier, ora \u00e8 possibile connettere il CRM Centrico a oltre 1.000 applicazioni automatizzando molti processi.\" \/>\n<meta name=\"robots\" content=\"index, follow, max-snippet:-1, max-image-preview:large, max-video-preview:-1\" \/>\n<link rel=\"canonical\" href=\"https:\/\/centrico.it\/it\/integrazione-zapier\/\" \/>\n<meta property=\"og:locale\" content=\"it_IT\" \/>\n<meta property=\"og:type\" content=\"article\" \/>\n<meta property=\"og:title\" content=\"Integrazione Zapier - Centrico\" \/>\n<meta property=\"og:description\" content=\"Grazie all\u2019integrazione di Zapier, ora \u00e8 possibile connettere il CRM Centrico a oltre 1.000 applicazioni automatizzando molti processi.\" \/>\n<meta property=\"og:url\" content=\"https:\/\/centrico.it\/it\/integrazione-zapier\/\" \/>\n<meta property=\"og:site_name\" content=\"Centrico\" \/>\n<meta property=\"article:modified_time\" content=\"2023-04-04T09:42:04+00:00\" \/>\n<meta name=\"twitter:card\" content=\"summary_large_image\" \/>\n<meta name=\"twitter:label1\" content=\"Tempo di lettura stimato\" \/>\n\t<meta name=\"twitter:data1\" content=\"6 minuti\" \/>\n<script type=\"application\/ld+json\" class=\"yoast-schema-graph\">{\"@context\":\"https:\\\/\\\/schema.org\",\"@graph\":[{\"@type\":\"WebPage\",\"@id\":\"https:\\\/\\\/centrico.it\\\/it\\\/integrazione-zapier\\\/\",\"url\":\"https:\\\/\\\/centrico.it\\\/it\\\/integrazione-zapier\\\/\",\"name\":\"Integrazione Zapier - Centrico\",\"isPartOf\":{\"@id\":\"https:\\\/\\\/centrico.it\\\/it\\\/#website\"},\"datePublished\":\"2023-04-04T09:40:06+00:00\",\"dateModified\":\"2023-04-04T09:42:04+00:00\",\"description\":\"Grazie all\u2019integrazione di Zapier, ora \u00e8 possibile connettere il CRM Centrico a oltre 1.000 applicazioni automatizzando molti processi.\",\"breadcrumb\":{\"@id\":\"https:\\\/\\\/centrico.it\\\/it\\\/integrazione-zapier\\\/#breadcrumb\"},\"inLanguage\":\"it-IT\",\"potentialAction\":[{\"@type\":\"ReadAction\",\"target\":[\"https:\\\/\\\/centrico.it\\\/it\\\/integrazione-zapier\\\/\"]}]},{\"@type\":\"BreadcrumbList\",\"@id\":\"https:\\\/\\\/centrico.it\\\/it\\\/integrazione-zapier\\\/#breadcrumb\",\"itemListElement\":[{\"@type\":\"ListItem\",\"position\":1,\"name\":\"Home\",\"item\":\"https:\\\/\\\/centrico.it\\\/it\\\/\"},{\"@type\":\"ListItem\",\"position\":2,\"name\":\"Integrazione Zapier\"}]},{\"@type\":\"WebSite\",\"@id\":\"https:\\\/\\\/centrico.it\\\/it\\\/#website\",\"url\":\"https:\\\/\\\/centrico.it\\\/it\\\/\",\"name\":\"Centrico\",\"description\":\"Software gestione clienti CRM\",\"potentialAction\":[{\"@type\":\"SearchAction\",\"target\":{\"@type\":\"EntryPoint\",\"urlTemplate\":\"https:\\\/\\\/centrico.it\\\/it\\\/?s={search_term_string}\"},\"query-input\":{\"@type\":\"PropertyValueSpecification\",\"valueRequired\":true,\"valueName\":\"search_term_string\"}}],\"inLanguage\":\"it-IT\"}]}<\/script>\n<!-- \/ Yoast SEO plugin. -->","yoast_head_json":{"title":"Integrazione Zapier - Centrico","description":"Grazie all\u2019integrazione di Zapier, ora \u00e8 possibile connettere il CRM Centrico a oltre 1.000 applicazioni automatizzando molti processi.","robots":{"index":"index","follow":"follow","max-snippet":"max-snippet:-1","max-image-preview":"max-image-preview:large","max-video-preview":"max-video-preview:-1"},"canonical":"https:\/\/centrico.it\/it\/integrazione-zapier\/","og_locale":"it_IT","og_type":"article","og_title":"Integrazione Zapier - Centrico","og_description":"Grazie all\u2019integrazione di Zapier, ora \u00e8 possibile connettere il CRM Centrico a oltre 1.000 applicazioni automatizzando molti processi.","og_url":"https:\/\/centrico.it\/it\/integrazione-zapier\/","og_site_name":"Centrico","article_modified_time":"2023-04-04T09:42:04+00:00","twitter_card":"summary_large_image","twitter_misc":{"Tempo di lettura stimato":"6 minuti"},"schema":{"@context":"https:\/\/schema.org","@graph":[{"@type":"WebPage","@id":"https:\/\/centrico.it\/it\/integrazione-zapier\/","url":"https:\/\/centrico.it\/it\/integrazione-zapier\/","name":"Integrazione Zapier - Centrico","isPartOf":{"@id":"https:\/\/centrico.it\/it\/#website"},"datePublished":"2023-04-04T09:40:06+00:00","dateModified":"2023-04-04T09:42:04+00:00","description":"Grazie all\u2019integrazione di Zapier, ora \u00e8 possibile connettere il CRM Centrico a oltre 1.000 applicazioni automatizzando molti processi.","breadcrumb":{"@id":"https:\/\/centrico.it\/it\/integrazione-zapier\/#breadcrumb"},"inLanguage":"it-IT","potentialAction":[{"@type":"ReadAction","target":["https:\/\/centrico.it\/it\/integrazione-zapier\/"]}]},{"@type":"BreadcrumbList","@id":"https:\/\/centrico.it\/it\/integrazione-zapier\/#breadcrumb","itemListElement":[{"@type":"ListItem","position":1,"name":"Home","item":"https:\/\/centrico.it\/it\/"},{"@type":"ListItem","position":2,"name":"Integrazione Zapier"}]},{"@type":"WebSite","@id":"https:\/\/centrico.it\/it\/#website","url":"https:\/\/centrico.it\/it\/","name":"Centrico","description":"Software gestione clienti CRM","potentialAction":[{"@type":"SearchAction","target":{"@type":"EntryPoint","urlTemplate":"https:\/\/centrico.it\/it\/?s={search_term_string}"},"query-input":{"@type":"PropertyValueSpecification","valueRequired":true,"valueName":"search_term_string"}}],"inLanguage":"it-IT"}]}},"_links":{"self":[{"href":"https:\/\/centrico.it\/it\/wp-json\/wp\/v2\/pages\/242230","targetHints":{"allow":["GET"]}}],"collection":[{"href":"https:\/\/centrico.it\/it\/wp-json\/wp\/v2\/pages"}],"about":[{"href":"https:\/\/centrico.it\/it\/wp-json\/wp\/v2\/types\/page"}],"author":[{"embeddable":true,"href":"https:\/\/centrico.it\/it\/wp-json\/wp\/v2\/users\/4"}],"replies":[{"embeddable":true,"href":"https:\/\/centrico.it\/it\/wp-json\/wp\/v2\/comments?post=242230"}],"version-history":[{"count":19,"href":"https:\/\/centrico.it\/it\/wp-json\/wp\/v2\/pages\/242230\/revisions"}],"predecessor-version":[{"id":242554,"href":"https:\/\/centrico.it\/it\/wp-json\/wp\/v2\/pages\/242230\/revisions\/242554"}],"wp:attachment":[{"href":"https:\/\/centrico.it\/it\/wp-json\/wp\/v2\/media?parent=242230"}],"wp:term":[{"taxonomy":"category","embeddable":true,"href":"https:\/\/centrico.it\/it\/wp-json\/wp\/v2\/categories?post=242230"},{"taxonomy":"post_tag","embeddable":true,"href":"https:\/\/centrico.it\/it\/wp-json\/wp\/v2\/tags?post=242230"}],"curies":[{"name":"wp","href":"https:\/\/api.w.org\/{rel}","templated":true}]}}