{"id":53026,"date":"2022-02-24T09:13:33","date_gmt":"2022-02-24T09:13:33","guid":{"rendered":"http:\/\/centrico.dmbox.it\/?page_id=53026"},"modified":"2022-05-05T07:39:26","modified_gmt":"2022-05-05T07:39:26","slug":"plugin-wordpress","status":"publish","type":"page","link":"https:\/\/centrico.it\/it\/plugin-wordpress\/","title":{"rendered":"Plugin WordPress"},"content":{"rendered":"<p>[et_pb_section fb_built=&#8221;1&#8243; admin_label=&#8221;Header&#8221; _builder_version=&#8221;4.15&#8243; background_color=&#8221;#009FE3&#8243; background_color_gradient_start=&#8221;#fe5b48&#8243; background_color_gradient_end=&#8221;#b80572&#8243; background_color_gradient_direction=&#8221;135deg&#8221; background_image=&#8221;https:\/\/centrico.it\/wp-content\/uploads\/2022\/02\/geometric-bg-overlay-01.jpg&#8221; background_blend=&#8221;overlay&#8221; custom_padding=&#8221;5%|0px|5%|0px|true|false&#8221; animation_direction=&#8221;bottom&#8221; global_colors_info=&#8221;{}&#8221;][et_pb_row _builder_version=&#8221;4.15&#8243; width_tablet=&#8221;&#8221; width_phone=&#8221;&#8221; width_last_edited=&#8221;on|desktop&#8221; animation_style=&#8221;zoom&#8221; animation_direction=&#8221;bottom&#8221; animation_intensity_zoom=&#8221;8%&#8221; animation_starting_opacity=&#8221;100%&#8221; global_colors_info=&#8221;{}&#8221;][et_pb_column type=&#8221;4_4&#8243; _builder_version=&#8221;4.15&#8243; custom_padding=&#8221;|||&#8221; global_colors_info=&#8221;{}&#8221; custom_padding__hover=&#8221;|||&#8221;][et_pb_text _builder_version=&#8221;4.15&#8243; text_text_color=&#8221;#ffffff&#8221; text_font_size=&#8221;18px&#8221; text_line_height=&#8221;1.8em&#8221; header_font=&#8221;|700|||||||&#8221; header_font_size=&#8221;45px&#8221; header_line_height=&#8221;1.3em&#8221; header_2_font=&#8221;||||||||&#8221; header_3_font=&#8221;|700|||||||&#8221; header_3_font_size=&#8221;23px&#8221; header_3_line_height=&#8221;1.3em&#8221; text_orientation=&#8221;center&#8221; background_layout=&#8221;dark&#8221; max_width=&#8221;700px&#8221; module_alignment=&#8221;center&#8221; header_3_font_size_tablet=&#8221;27px&#8221; header_3_font_size_phone=&#8221;27px&#8221; header_3_font_size_last_edited=&#8221;on|tablet&#8221; global_colors_info=&#8221;{}&#8221;]<\/p>\n<h1>Centrico per WordPress<\/h1>\n<h3>Il migliore plugin per Form di iscrizione a Newsletter di sempre.<\/h3>\n<p>Rendere semplice l\u2019iscrizione di nuovi utenti dal tuo sito WordPress non \u00e8 mai stato cos\u00ec facile! Questo plugin consente di aggiungere iscritti alle Liste Utenti su Centrico grazie ad un form personalizzato da inserire nel tuo sito in WordPress.<\/p>\n<p>[\/et_pb_text][\/et_pb_column][\/et_pb_row][\/et_pb_section][et_pb_section fb_built=&#8221;1&#8243; admin_label=&#8221;Perks &#038; Benefits&#8221; _builder_version=&#8221;4.15&#8243; background_enable_color=&#8221;off&#8221; custom_padding=&#8221;100px|0px|100px|0px|true|&#8221; global_colors_info=&#8221;{}&#8221;][et_pb_row admin_label=&#8221;Tittle&#8221; _builder_version=&#8221;4.15&#8243; global_colors_info=&#8221;{}&#8221;][et_pb_column type=&#8221;4_4&#8243; _builder_version=&#8221;4.15&#8243; custom_padding=&#8221;|||&#8221; global_colors_info=&#8221;{}&#8221; custom_padding__hover=&#8221;|||&#8221;][et_pb_text _builder_version=&#8221;4.15&#8243; text_font=&#8221;Nunito Sans||||||||&#8221; text_font_size=&#8221;18px&#8221; text_line_height=&#8221;1.8em&#8221; header_font=&#8221;||||||||&#8221; header_text_align=&#8221;center&#8221; header_text_color=&#8221;#535b7c&#8221; header_2_font=&#8221;Nunito Sans|700|||||||&#8221; header_2_text_align=&#8221;center&#8221; header_2_font_size=&#8221;35px&#8221; header_2_line_height=&#8221;1.3em&#8221; header_3_font=&#8221;|700|||||||&#8221; header_3_font_size=&#8221;26px&#8221; header_3_line_height=&#8221;1.2em&#8221; module_alignment=&#8221;left&#8221; global_colors_info=&#8221;{}&#8221;]<\/p>\n<h2>CRM WordPress: a cosa serve?<\/h2>\n<p>Centrico CRM per WordPress funge da ponte fra il tuo sito in WordPress e l\u2019account Centrico. Grazie al plugin dedicato facile da integrare, ti consente di raccogliere le informazioni di utenti.<\/p>\n<p>[\/et_pb_text][\/et_pb_column][\/et_pb_row][et_pb_row column_structure=&#8221;1_2,1_2&#8243; use_custom_gutter=&#8221;on&#8221; gutter_width=&#8221;2&#8243; make_equal=&#8221;on&#8221; admin_label=&#8221;Features Row&#8221; _builder_version=&#8221;4.15&#8243; custom_padding=&#8221;0.75%||0.75%|&#8221; locked=&#8221;off&#8221; global_colors_info=&#8221;{}&#8221;][et_pb_column type=&#8221;1_2&#8243; module_class=&#8221;iq-centra-verticale&#8221; _builder_version=&#8221;4.15&#8243; background_color=&#8221;#FFFFFF&#8221; background_color_gradient_start=&#8221;#3D72E7&#8243; background_color_gradient_end=&#8221;#53a0fe&#8221; background_color_gradient_direction=&#8221;243deg&#8221; border_radii=&#8221;on|4px|4px|4px|4px&#8221; border_color_all=&#8221;#FECC00&#8243; border_width_top=&#8221;6px&#8221; box_shadow_style=&#8221;preset3&#8243; box_shadow_color=&#8221;rgba(34,56,101,0.12)&#8221; global_colors_info=&#8221;{}&#8221; custom_padding__hover=&#8221;|||&#8221;][et_pb_blurb title=&#8221;Centrico \u00e8&#8221; icon_placement=&#8221;left&#8221; image_icon_width=&#8221;32px&#8221; _builder_version=&#8221;4.15&#8243; _module_preset=&#8221;default&#8221; header_level=&#8221;h3&#8243; header_font=&#8221;Nunito Sans|600|||||||&#8221; header_line_height=&#8221;1.4em&#8221; body_font=&#8221;Nunito Sans||||||||&#8221; body_text_color=&#8221;#959baf&#8221; body_font_size=&#8221;16px&#8221; background_enable_color=&#8221;off&#8221; custom_padding=&#8221;40px|40px|40px|40px|true|true&#8221; global_colors_info=&#8221;{}&#8221;]<\/p>\n<p>Ma Centrico non \u00e8 solo questo: Centrico semplifica le attivit\u00e0 di organizzazione dei contatti, gestisce e condivide calendari, appuntamenti ed attivit\u00e0.<\/p>\n<p>[\/et_pb_blurb][\/et_pb_column][et_pb_column type=&#8221;1_2&#8243; _builder_version=&#8221;4.15&#8243; background_color=&#8221;#FFFFFF&#8221; background_color_gradient_start=&#8221;#3D72E7&#8243; background_color_gradient_end=&#8221;#53a0fe&#8221; background_color_gradient_direction=&#8221;243deg&#8221; border_radii=&#8221;on|4px|4px|4px|4px&#8221; border_color_all=&#8221;#FECC00&#8243; border_width_top=&#8221;6px&#8221; box_shadow_style=&#8221;preset3&#8243; box_shadow_color=&#8221;rgba(34,56,101,0.12)&#8221; global_colors_info=&#8221;{}&#8221; custom_padding__hover=&#8221;|||&#8221;][et_pb_blurb title=&#8221;User friendly&#8221; icon_placement=&#8221;left&#8221; image_icon_width=&#8221;32px&#8221; _builder_version=&#8221;4.15&#8243; _module_preset=&#8221;default&#8221; header_level=&#8221;h3&#8243; header_font=&#8221;Nunito Sans|600|||||||&#8221; header_line_height=&#8221;1.4em&#8221; body_font=&#8221;Nunito Sans||||||||&#8221; body_text_color=&#8221;#959baf&#8221; body_font_size=&#8221;16px&#8221; background_enable_color=&#8221;off&#8221; custom_padding=&#8221;40px|40px|40px|40px|true|true&#8221; global_colors_info=&#8221;{}&#8221;]<\/p>\n<p>Un Gestionale Web Based utilizzabile da qualsiasi device, completamente multi piattaforma. Interfaccia user friendly: una grafica semplice e intuitiva ti permette di personalizzare i contenuti in maniera completamente autonoma.<\/p>\n<p>[\/et_pb_blurb][\/et_pb_column][\/et_pb_row][et_pb_row admin_label=&#8221;Tittle&#8221; _builder_version=&#8221;4.15&#8243; global_colors_info=&#8221;{}&#8221;][et_pb_column type=&#8221;4_4&#8243; _builder_version=&#8221;4.15&#8243; custom_padding=&#8221;|||&#8221; global_colors_info=&#8221;{}&#8221; custom_padding__hover=&#8221;|||&#8221;][et_pb_text _builder_version=&#8221;4.15.1&#8243; text_font=&#8221;Nunito Sans||||||||&#8221; text_font_size=&#8221;18px&#8221; text_line_height=&#8221;1.8em&#8221; header_font=&#8221;||||||||&#8221; header_text_align=&#8221;center&#8221; header_text_color=&#8221;#535b7c&#8221; header_2_font=&#8221;Nunito Sans|700|||||||&#8221; header_2_font_size=&#8221;35px&#8221; header_2_line_height=&#8221;1.3em&#8221; header_3_font=&#8221;|700|||||||&#8221; header_3_font_size=&#8221;26px&#8221; header_3_line_height=&#8221;1.2em&#8221; module_alignment=&#8221;left&#8221; global_colors_info=&#8221;{}&#8221;]<\/p>\n<h2>Installazione<\/h2>\n<ol>\n<li>Nel pannello di amministrazione del tuo sito in WordPress, seleziona dal menu Plugins<\/li>\n<li>Nuovo plugin<\/li>\n<li>Cerca \u201cCentrico per WordPress\u201d<\/li>\n<li>Fai clic su &#8220;Installa ora\u201d.<\/li>\n<\/ol>\n<h3>In alternativa<\/h3>\n<ol>\n<li>Scarica il plugin<\/li>\n<li>Carica centrico.zip nella directory dei plugin, generalmente tale directory \u00e8 ..\/wp-content\/plugins\/.<\/li>\n<li>Attiva il plugin.<\/li>\n<\/ol>\n<p>Accedi quindi al tuo account Centrico, se non hai ancora il tuo account creane uno su Centrico, \u00e8 gratuito!<\/p>\n<p>Per trovare l&#8217;ID della lista clicca dal menu a sinistra su \u201cImpostazioni\u201d e poi \u201cGenerali\u201d.<br \/>Accedi alla sezione &#8220;marketing&#8221;, qui troverai tutte le liste presenti nel tuo account Centrico<br \/>Accanto al nome della lista trovi il relativo ID<\/p>\n<p>Per trovare l&#8217;ID del gruppo invece dal men\u00f9 di sinistra accedi alla sezione dei contatti.<br \/>Dove trovi la selezione dei gruppi clicca sulla matita, si aprir\u00e0 una finestra dove vedrai tutti i tuoi gruppi con i relativi codici ID.<\/p>\n<p>Inserisci qui l&#8217;ID della lista ed eventualmente anche l&#8217;ID del gruppo (O pi\u00f9 gruppi, separandoli da una virgola) per fare in modo che i contatti che compilano il forma finiscano direttamente in questo gruppo.<\/p>\n<p>Nel form che comparir\u00e0 nel front-end avrai la possibilit\u00e0 di inserire l\u2019indirizzo e-mail con relativo flag alle \u201cPrivacy and Policy\u201d, decidi tu se mostrare anche il campo \u201cNome\u201d, il campo \u201cCellulare\u201d e i crediti di Centrico.<\/p>\n<p>Una volta selezionate le opzioni di tuo interesse, potrai inserire lo shortcode generato da Centrico in pagine, post o nell\u2019apposito widget.<\/p>\n<p>[\/et_pb_text][\/et_pb_column][\/et_pb_row][\/et_pb_section][et_pb_section fb_built=&#8221;1&#8243; admin_label=&#8221;Perks &#038; Benefits&#8221; _builder_version=&#8221;4.15&#8243; background_color=&#8221;rgba(0,0,0,0.03)&#8221; custom_padding=&#8221;100px|0px|100px|0px|true|&#8221; global_colors_info=&#8221;{}&#8221;][et_pb_row _builder_version=&#8221;4.15&#8243; _module_preset=&#8221;default&#8221; global_colors_info=&#8221;{}&#8221;][et_pb_column type=&#8221;4_4&#8243; _builder_version=&#8221;4.15&#8243; _module_preset=&#8221;default&#8221; global_colors_info=&#8221;{}&#8221;][et_pb_text _builder_version=&#8221;4.15&#8243; text_font_size=&#8221;18px&#8221; text_line_height=&#8221;1.8em&#8221; header_font=&#8221;||||||||&#8221; header_text_align=&#8221;left&#8221; header_2_font=&#8221;|700|||||||&#8221; header_2_text_align=&#8221;center&#8221; header_2_font_size=&#8221;35px&#8221; header_2_line_height=&#8221;1.3em&#8221; global_colors_info=&#8221;{}&#8221;]<\/p>\n<h2>FAQs<\/h2>\n<p>[\/et_pb_text][et_pb_accordion open_toggle_background_color=&#8221;#FFFFFF&#8221; closed_toggle_background_color=&#8221;#FFFFFF&#8221; toggle_icon=&#8221;&#xf128;||fa||900&#8243; icon_color=&#8221;#009FE3&#8243; _builder_version=&#8221;4.15.1&#8243; _module_preset=&#8221;default&#8221; toggle_level=&#8221;h4&#8243; toggle_font=&#8221;|700|||||||&#8221; body_font_size=&#8221;16px&#8221; body_line_height=&#8221;1.8em&#8221; border_radii=&#8221;on|6px|6px|6px|6px&#8221; border_color_all=&#8221;RGBA(255,255,255,0)&#8221; box_shadow_style=&#8221;preset3&#8243; box_shadow_color=&#8221;rgba(34,56,101,0.12)&#8221; locked=&#8221;off&#8221; global_colors_info=&#8221;{}&#8221;][et_pb_accordion_item title=&#8221;Come visualizzare il form in post, pagine?&#8221; open=&#8221;on&#8221; _builder_version=&#8221;4.15&#8243; _module_preset=&#8221;default&#8221; global_colors_info=&#8221;{}&#8221;]<\/p>\n<p>Utilizzando lo shortcode messo a disposizione da Centrico: [ centrico ]<\/p>\n<p>[\/et_pb_accordion_item][et_pb_accordion_item title=&#8221;Come visualizzare un form in aree di widget, come la barra laterale o pi\u00e8 di pagina?&#8221; _builder_version=&#8221;4.15&#8243; _module_preset=&#8221;default&#8221; global_colors_info=&#8221;{}&#8221; open=&#8221;off&#8221;]Accedi dal Menu ad Aspetto> Widget ed inserisci il widget \u201cMyCentrico Widget\u201d dentro una sidebar o clicca su di esso.[\/et_pb_accordion_item][et_pb_accordion_item title=&#8221;Dove trovo l\u2019ID Lista e l\u2019ID Gruppo?&#8221; _builder_version=&#8221;4.15.1&#8243; _module_preset=&#8221;default&#8221; global_colors_info=&#8221;{}&#8221; open=&#8221;off&#8221;]<\/p>\n<p>Accedi al tuo account Centrico, se non hai ancora il tuo accountcreane uno nella home del sito di Centrico, \u00e8 GRATUITO!<\/p>\n<p>Per trovare l&#8217;ID della lista clicca dal menu a sinistra su \u201cImpostazioni\u201d e poi \u201cGenerali\u201d.<br \/>Accedi alla sezione &#8220;marketing&#8221;, qui troverai tutte le liste presenti nel tuo account Centrico<br \/>Accanto al nome della lista trovi il relativo ID<\/p>\n<p>Per trovare l&#8217;ID del gruppo invece dal men\u00f9 di sinistra accedi alla sezione dei contatti.<br \/>Dove trovi la selezione dei gruppi clicca sulla matita, si aprir\u00e0 una finestra dove vedrai tutti i tuoi gruppi con i relativi codici ID.<\/p>\n<p>Inserisci qui l&#8217;ID della lista ed eventualmente anche l&#8217;ID del gruppo (O pi\u00f9 gruppi, separandoli da una virgola) per fare in modo che i contatti che compilano il forma finiscano direttamente in questo gruppo.<\/p>\n<p>[\/et_pb_accordion_item][et_pb_accordion_item title=&#8221;Come posso modificare lo stile del modulo di iscrizione?&#8221; _builder_version=&#8221;4.15&#8243; _module_preset=&#8221;default&#8221; global_colors_info=&#8221;{}&#8221; open=&#8221;off&#8221;]\u00c8 possibile utilizzare i CSS personalizzati per modificare lostile il modulo di iscrizione.<\/p>\n<p>\u00c8 possibile aggiungere del codice CSS personalizzato al il vostrofoglio di stile o (pi\u00f9 semplicemente) utilizzando un semplice plugincome Simple CustomCSS <\/p>\n<p>https:\/\/wordpress.org\/plugins\/simple-custom-css\/.[\/et_pb_accordion_item][et_pb_accordion_item title=&#8221;La mia domanda non \u00e8 presente nell&#8217;elenco, come posso contattarvi?&#8221; _builder_version=&#8221;4.15&#8243; _module_preset=&#8221;default&#8221; global_colors_info=&#8221;{}&#8221; open=&#8221;off&#8221;]<\/p>\n<p>Contattaci a <a href=\"mailto:info@centrico.it\">info@centrico.it<\/a><\/p>\n<p>[\/et_pb_accordion_item][\/et_pb_accordion][\/et_pb_column][\/et_pb_row][\/et_pb_section]<\/p>\n","protected":false},"excerpt":{"rendered":"<p>Centrico per WordPress Il migliore plugin per Form di iscrizione a Newsletter di sempre. Rendere semplice l\u2019iscrizione di nuovi utenti dal tuo sito Wordpress non \u00e8 mai stato cos\u00ec facile! Questo plugin consente di aggiungere iscritti alle Liste Utenti su Centrico grazie ad un form personalizzato da inserire nel tuo sito in Wordpress.CRM WordPress: a cosa serve? Centrico CRM per Wordpress funge da ponte fra il tuo sito in Wordpress e l\u2019account Centrico. Grazie al plugin dedicato facile da integrare, ti consente di raccogliere le informazioni di utenti.Ma Centrico non \u00e8 solo questo: Centrico semplifica le attivit\u00e0 di organizzazione dei contatti, gestisce e condivide calendari, appuntamenti ed attivit\u00e0.Un Gestionale Web Based utilizzabile da qualsiasi device, completamente multi piattaforma. Interfaccia user friendly: una grafica semplice e intuitiva ti permette di personalizzare i contenuti in maniera completamente autonoma.Installazione Nel pannello di amministrazione del tuo sito in Wordpress, seleziona dal menu Plugins Nuovo plugin Cerca \u201cCentrico per WordPress\u201d Fai clic su &#8220;Installa ora\u201d. In alternativa Scarica il plugin Carica centrico.zip nella directory dei plugin, generalmente tale directory \u00e8 ..\/wp-content\/plugins\/. Attiva il plugin. Accedi quindi al tuo account Centrico, se non hai ancora il tuo account creane uno su Centrico, \u00e8 gratuito! Per trovare [&hellip;]<\/p>\n","protected":false},"author":1,"featured_media":0,"parent":0,"menu_order":0,"comment_status":"closed","ping_status":"closed","template":"","meta":{"_et_pb_use_builder":"on","_et_pb_old_content":"","_et_gb_content_width":"","iawp_total_views":35,"footnotes":""},"categories":[],"tags":[],"class_list":["post-53026","page","type-page","status-publish","hentry"],"yoast_head":"<!-- This site is optimized with the Yoast SEO plugin v27.4 - https:\/\/yoast.com\/product\/yoast-seo-wordpress\/ -->\n<title>CRM WordPress | Il Plugin di Centrico CRM<\/title>\n<meta name=\"description\" content=\"Il CRM per WordPress di Centrico facile da integrare che ti consente di raccogliere le informazioni dei tuoi utenti. Scopri di pi\u00f9\" \/>\n<meta name=\"robots\" content=\"index, follow, max-snippet:-1, max-image-preview:large, max-video-preview:-1\" \/>\n<link rel=\"canonical\" href=\"https:\/\/centrico.it\/it\/plugin-wordpress\/\" \/>\n<meta property=\"og:locale\" content=\"it_IT\" \/>\n<meta property=\"og:type\" content=\"article\" \/>\n<meta property=\"og:title\" content=\"CRM WordPress | Il Plugin di Centrico CRM\" \/>\n<meta property=\"og:description\" content=\"Il CRM per WordPress di Centrico facile da integrare che ti consente di raccogliere le informazioni dei tuoi utenti. Scopri di pi\u00f9\" \/>\n<meta property=\"og:url\" content=\"https:\/\/centrico.it\/it\/plugin-wordpress\/\" \/>\n<meta property=\"og:site_name\" content=\"Centrico\" \/>\n<meta property=\"article:modified_time\" content=\"2022-05-05T07:39:26+00:00\" \/>\n<meta name=\"twitter:card\" content=\"summary_large_image\" \/>\n<meta name=\"twitter:label1\" content=\"Tempo di lettura stimato\" \/>\n\t<meta name=\"twitter:data1\" content=\"5 minuti\" \/>\n<script type=\"application\/ld+json\" class=\"yoast-schema-graph\">{\"@context\":\"https:\\\/\\\/schema.org\",\"@graph\":[{\"@type\":\"WebPage\",\"@id\":\"https:\\\/\\\/centrico.it\\\/it\\\/plugin-wordpress\\\/\",\"url\":\"https:\\\/\\\/centrico.it\\\/it\\\/plugin-wordpress\\\/\",\"name\":\"CRM WordPress | Il Plugin di Centrico CRM\",\"isPartOf\":{\"@id\":\"https:\\\/\\\/centrico.it\\\/it\\\/#website\"},\"datePublished\":\"2022-02-24T09:13:33+00:00\",\"dateModified\":\"2022-05-05T07:39:26+00:00\",\"description\":\"Il CRM per WordPress di Centrico facile da integrare che ti consente di raccogliere le informazioni dei tuoi utenti. Scopri di pi\u00f9\",\"breadcrumb\":{\"@id\":\"https:\\\/\\\/centrico.it\\\/it\\\/plugin-wordpress\\\/#breadcrumb\"},\"inLanguage\":\"it-IT\",\"potentialAction\":[{\"@type\":\"ReadAction\",\"target\":[\"https:\\\/\\\/centrico.it\\\/it\\\/plugin-wordpress\\\/\"]}]},{\"@type\":\"BreadcrumbList\",\"@id\":\"https:\\\/\\\/centrico.it\\\/it\\\/plugin-wordpress\\\/#breadcrumb\",\"itemListElement\":[{\"@type\":\"ListItem\",\"position\":1,\"name\":\"Home\",\"item\":\"https:\\\/\\\/centrico.it\\\/it\\\/\"},{\"@type\":\"ListItem\",\"position\":2,\"name\":\"Plugin WordPress\"}]},{\"@type\":\"WebSite\",\"@id\":\"https:\\\/\\\/centrico.it\\\/it\\\/#website\",\"url\":\"https:\\\/\\\/centrico.it\\\/it\\\/\",\"name\":\"Centrico\",\"description\":\"Software gestione clienti CRM\",\"potentialAction\":[{\"@type\":\"SearchAction\",\"target\":{\"@type\":\"EntryPoint\",\"urlTemplate\":\"https:\\\/\\\/centrico.it\\\/it\\\/?s={search_term_string}\"},\"query-input\":{\"@type\":\"PropertyValueSpecification\",\"valueRequired\":true,\"valueName\":\"search_term_string\"}}],\"inLanguage\":\"it-IT\"}]}<\/script>\n<!-- \/ Yoast SEO plugin. -->","yoast_head_json":{"title":"CRM WordPress | Il Plugin di Centrico CRM","description":"Il CRM per WordPress di Centrico facile da integrare che ti consente di raccogliere le informazioni dei tuoi utenti. Scopri di pi\u00f9","robots":{"index":"index","follow":"follow","max-snippet":"max-snippet:-1","max-image-preview":"max-image-preview:large","max-video-preview":"max-video-preview:-1"},"canonical":"https:\/\/centrico.it\/it\/plugin-wordpress\/","og_locale":"it_IT","og_type":"article","og_title":"CRM WordPress | Il Plugin di Centrico CRM","og_description":"Il CRM per WordPress di Centrico facile da integrare che ti consente di raccogliere le informazioni dei tuoi utenti. Scopri di pi\u00f9","og_url":"https:\/\/centrico.it\/it\/plugin-wordpress\/","og_site_name":"Centrico","article_modified_time":"2022-05-05T07:39:26+00:00","twitter_card":"summary_large_image","twitter_misc":{"Tempo di lettura stimato":"5 minuti"},"schema":{"@context":"https:\/\/schema.org","@graph":[{"@type":"WebPage","@id":"https:\/\/centrico.it\/it\/plugin-wordpress\/","url":"https:\/\/centrico.it\/it\/plugin-wordpress\/","name":"CRM WordPress | Il Plugin di Centrico CRM","isPartOf":{"@id":"https:\/\/centrico.it\/it\/#website"},"datePublished":"2022-02-24T09:13:33+00:00","dateModified":"2022-05-05T07:39:26+00:00","description":"Il CRM per WordPress di Centrico facile da integrare che ti consente di raccogliere le informazioni dei tuoi utenti. Scopri di pi\u00f9","breadcrumb":{"@id":"https:\/\/centrico.it\/it\/plugin-wordpress\/#breadcrumb"},"inLanguage":"it-IT","potentialAction":[{"@type":"ReadAction","target":["https:\/\/centrico.it\/it\/plugin-wordpress\/"]}]},{"@type":"BreadcrumbList","@id":"https:\/\/centrico.it\/it\/plugin-wordpress\/#breadcrumb","itemListElement":[{"@type":"ListItem","position":1,"name":"Home","item":"https:\/\/centrico.it\/it\/"},{"@type":"ListItem","position":2,"name":"Plugin WordPress"}]},{"@type":"WebSite","@id":"https:\/\/centrico.it\/it\/#website","url":"https:\/\/centrico.it\/it\/","name":"Centrico","description":"Software gestione clienti CRM","potentialAction":[{"@type":"SearchAction","target":{"@type":"EntryPoint","urlTemplate":"https:\/\/centrico.it\/it\/?s={search_term_string}"},"query-input":{"@type":"PropertyValueSpecification","valueRequired":true,"valueName":"search_term_string"}}],"inLanguage":"it-IT"}]}},"_links":{"self":[{"href":"https:\/\/centrico.it\/it\/wp-json\/wp\/v2\/pages\/53026","targetHints":{"allow":["GET"]}}],"collection":[{"href":"https:\/\/centrico.it\/it\/wp-json\/wp\/v2\/pages"}],"about":[{"href":"https:\/\/centrico.it\/it\/wp-json\/wp\/v2\/types\/page"}],"author":[{"embeddable":true,"href":"https:\/\/centrico.it\/it\/wp-json\/wp\/v2\/users\/1"}],"replies":[{"embeddable":true,"href":"https:\/\/centrico.it\/it\/wp-json\/wp\/v2\/comments?post=53026"}],"version-history":[{"count":16,"href":"https:\/\/centrico.it\/it\/wp-json\/wp\/v2\/pages\/53026\/revisions"}],"predecessor-version":[{"id":240388,"href":"https:\/\/centrico.it\/it\/wp-json\/wp\/v2\/pages\/53026\/revisions\/240388"}],"wp:attachment":[{"href":"https:\/\/centrico.it\/it\/wp-json\/wp\/v2\/media?parent=53026"}],"wp:term":[{"taxonomy":"category","embeddable":true,"href":"https:\/\/centrico.it\/it\/wp-json\/wp\/v2\/categories?post=53026"},{"taxonomy":"post_tag","embeddable":true,"href":"https:\/\/centrico.it\/it\/wp-json\/wp\/v2\/tags?post=53026"}],"curies":[{"name":"wp","href":"https:\/\/api.w.org\/{rel}","templated":true}]}}